{"id":4755,"date":"2022-01-25T11:10:39","date_gmt":"2022-01-25T10:10:39","guid":{"rendered":"https:\/\/www.hofladen-gassner.at\/?page_id=4755"},"modified":"2023-06-05T14:14:12","modified_gmt":"2023-06-05T12:14:12","slug":"damwild","status":"publish","type":"page","link":"https:\/\/www.hofladen-gassner.at\/?page_id=4755","title":{"rendered":"Damwild"},"content":{"rendered":"\t\t<div data-elementor-type=\"wp-page\" data-elementor-id=\"4755\" class=\"elementor elementor-4755\">\n\t\t\t\t\t\t<section class=\"elementor-section elementor-top-section elementor-element elementor-element-9f8ddf3 elementor-section-boxed elementor-section-height-default elementor-section-height-default\" data-id=\"9f8ddf3\" data-element_type=\"section\" data-e-type=\"section\">\n\t\t\t\t\t\t<div class=\"elementor-container elementor-column-gap-default\">\n\t\t\t\t\t<div class=\"elementor-column elementor-col-100 elementor-top-column elementor-element elementor-element-4d635d6\" data-id=\"4d635d6\" data-element_type=\"column\" data-e-type=\"column\">\n\t\t\t<div class=\"elementor-column-wrap--4d635d6 elementor-widget-wrap elementor-element-populated\">\n\t\t\t\t\t\t<div class=\"elementor-element elementor-element-48344ae elementor-widget elementor-widget-image\" data-id=\"48344ae\" data-element_type=\"widget\" data-e-type=\"widget\" data-widget_type=\"image.default\">\n\t\t\t\t<div class=\"elementor-widget-container\">\n\t\t\t\t\t\t\t\t\t\t\t\t\t\t\t<img fetchpriority=\"high\" decoding=\"async\" width=\"1024\" height=\"683\" src=\"https:\/\/www.hofladen-gassner.at\/wp-content\/uploads\/2022\/01\/damwild24240-1024x683.jpg\" class=\"attachment-large size-large wp-image-4758\" alt=\"\" srcset=\"https:\/\/www.hofladen-gassner.at\/wp-content\/uploads\/2022\/01\/damwild24240-1024x683.jpg 1024w, https:\/\/www.hofladen-gassner.at\/wp-content\/uploads\/2022\/01\/damwild24240-300x200.jpg 300w, https:\/\/www.hofladen-gassner.at\/wp-content\/uploads\/2022\/01\/damwild24240-768x512.jpg 768w, https:\/\/www.hofladen-gassner.at\/wp-content\/uploads\/2022\/01\/damwild24240-1536x1024.jpg 1536w, https:\/\/www.hofladen-gassner.at\/wp-content\/uploads\/2022\/01\/damwild24240-2048x1365.jpg 2048w, https:\/\/www.hofladen-gassner.at\/wp-content\/uploads\/2022\/01\/damwild24240-1000x667.jpg 1000w\" sizes=\"(max-width: 1024px) 100vw, 1024px\" \/>\t\t\t\t\t\t\t\t\t\t\t\t\t\t\t<\/div>\n\t\t\t\t<\/div>\n\t\t\t\t<section class=\"elementor-section elementor-inner-section elementor-element elementor-element-7c2dfaf elementor-section-boxed elementor-section-height-default elementor-section-height-default\" data-id=\"7c2dfaf\" data-element_type=\"section\" data-e-type=\"section\">\n\t\t\t\t\t\t<div class=\"elementor-container elementor-column-gap-default\">\n\t\t\t\t\t<div class=\"elementor-column elementor-col-50 elementor-inner-column elementor-element elementor-element-e2cee0a\" data-id=\"e2cee0a\" data-element_type=\"column\" data-e-type=\"column\">\n\t\t\t<div class=\"elementor-column-wrap--e2cee0a elementor-widget-wrap elementor-element-populated\">\n\t\t\t\t\t\t<div class=\"elementor-element elementor-element-e93e10b elementor-widget elementor-widget-heading\" data-id=\"e93e10b\" data-element_type=\"widget\" data-e-type=\"widget\" data-widget_type=\"heading.default\">\n\t\t\t\t<div class=\"elementor-widget-container\">\n\t\t\t\t\t<h2 class=\"elementor-heading-title elementor-size-default\">\nDamwild <\/h2>\t\t\t\t<\/div>\n\t\t\t\t<\/div>\n\t\t\t\t<div class=\"elementor-element elementor-element-4d8e21d elementor-widget elementor-widget-text-editor\" data-id=\"4d8e21d\" data-element_type=\"widget\" data-e-type=\"widget\" data-widget_type=\"text-editor.default\">\n\t\t\t\t<div class=\"elementor-widget-container\">\n\t\t\t\t\t\t\t\t\t<p>Die Heimat des Damwildes ist in Vorderasien. Der ausgewachsene Hirsch wiegt etwa 120 kg, das<br \/>weibliche Tier etwa 50 kg. Die Paarungs- oder \u201eBrunftzeit\u201c ist ab Mitte Oktober. Die tr\u00e4chtigen<br \/>Weibchen bringen ihre K\u00e4lber im darauf folgenden Sommer zur Welt, wozu sie sich vom Rudel<br \/>absondern. Die K\u00e4lber bleiben \u00fcber den Sommer bei der Mutter.<br \/>Neben wei\u00df gefleckten Tieren gibt es auch ganz helle und ganz dunkle Tiere. Nur die K\u00e4lber sind wei\u00df<br \/>getupft und bleiben so lange versteckt, bis sie kr\u00e4ftig genug sind, um mitlaufen zu k\u00f6nnen. Das<br \/>Geweih der Hirsche, die \u201eSchaufel\u201c, wird jedes Jahr im April abgesto\u00dfen und w\u00e4chst anschlie\u00dfend<br \/>wieder ein St\u00fcck l\u00e4nger und ausladender nach. Die Ern\u00e4hrung der Tiere erfolgt im Sommer mit<br \/>Weidegras und im Winter mit Heu oder Silage. Diese naturbelassene F\u00fctterung garantiert ein<br \/>besonders fettarmes, zartes und schmackhaftes Fleisch, das ausschlie\u00dflich von jungen Tieren<br \/>stammt.<\/p>\t\t\t\t\t\t\t\t<\/div>\n\t\t\t\t<\/div>\n\t\t\t\t\t<\/div>\n\t\t<\/div>\n\t\t\t\t<div class=\"elementor-column elementor-col-50 elementor-inner-column elementor-element elementor-element-593fabc\" data-id=\"593fabc\" data-element_type=\"column\" data-e-type=\"column\">\n\t\t\t<div class=\"elementor-column-wrap--593fabc elementor-widget-wrap elementor-element-populated\">\n\t\t\t\t\t\t<div class=\"elementor-element elementor-element-7b02b81 elementor-widget elementor-widget-image\" data-id=\"7b02b81\" data-element_type=\"widget\" data-e-type=\"widget\" data-widget_type=\"image.default\">\n\t\t\t\t<div class=\"elementor-widget-container\">\n\t\t\t\t\t\t\t\t\t\t\t\t\t\t\t<img decoding=\"async\" width=\"1024\" height=\"721\" src=\"https:\/\/www.hofladen-gassner.at\/wp-content\/uploads\/2023\/06\/wild_logo_eckig.201035949-1024x721.jpg\" class=\"attachment-large size-large wp-image-5005\" alt=\"\" srcset=\"https:\/\/www.hofladen-gassner.at\/wp-content\/uploads\/2023\/06\/wild_logo_eckig.201035949-1024x721.jpg 1024w, https:\/\/www.hofladen-gassner.at\/wp-content\/uploads\/2023\/06\/wild_logo_eckig.201035949-300x211.jpg 300w, https:\/\/www.hofladen-gassner.at\/wp-content\/uploads\/2023\/06\/wild_logo_eckig.201035949-768x540.jpg 768w, https:\/\/www.hofladen-gassner.at\/wp-content\/uploads\/2023\/06\/wild_logo_eckig.201035949-1536x1081.jpg 1536w, https:\/\/www.hofladen-gassner.at\/wp-content\/uploads\/2023\/06\/wild_logo_eckig.201035949-2048x1441.jpg 2048w, https:\/\/www.hofladen-gassner.at\/wp-content\/uploads\/2023\/06\/wild_logo_eckig.201035949-1000x704.jpg 1000w\" sizes=\"(max-width: 1024px) 100vw, 1024px\" \/>\t\t\t\t\t\t\t\t\t\t\t\t\t\t\t<\/div>\n\t\t\t\t<\/div>\n\t\t\t\t\t<\/div>\n\t\t<\/div>\n\t\t\t\t\t<\/div>\n\t\t<\/section>\n\t\t\t\t\t<\/div>\n\t\t<\/div>\n\t\t\t\t\t<\/div>\n\t\t<\/section>\n\t\t\t\t<\/div>\n\t\t","protected":false},"excerpt":{"rendered":"<p>Damwild Die Heimat des Damwildes ist in Vorderasien. Der ausgewachsene Hirsch wiegt etwa 120 kg, dasweibliche Tier etwa 50 kg. Die Paarungs- oder \u201eBrunftzeit\u201c ist ab Mitte Oktober. Die tr\u00e4chtigenWeibchen bringen ihre K\u00e4lber im darauf folgenden Sommer zur Welt, wozu sie sich vom Rudelabsondern. Die K\u00e4lber bleiben \u00fcber den Sommer bei der Mutter.Neben wei\u00df gefleckten [&hellip;]<\/p>\n","protected":false},"author":1,"featured_media":0,"parent":0,"menu_order":0,"comment_status":"closed","ping_status":"closed","template":"","meta":{"_acf_changed":false,"footnotes":""},"class_list":["post-4755","page","type-page","status-publish","hentry"],"acf":[],"_links":{"self":[{"href":"https:\/\/www.hofladen-gassner.at\/index.php?rest_route=\/wp\/v2\/pages\/4755","targetHints":{"allow":["GET"]}}],"collection":[{"href":"https:\/\/www.hofladen-gassner.at\/index.php?rest_route=\/wp\/v2\/pages"}],"about":[{"href":"https:\/\/www.hofladen-gassner.at\/index.php?rest_route=\/wp\/v2\/types\/page"}],"author":[{"embeddable":true,"href":"https:\/\/www.hofladen-gassner.at\/index.php?rest_route=\/wp\/v2\/users\/1"}],"replies":[{"embeddable":true,"href":"https:\/\/www.hofladen-gassner.at\/index.php?rest_route=%2Fwp%2Fv2%2Fcomments&post=4755"}],"version-history":[{"count":17,"href":"https:\/\/www.hofladen-gassner.at\/index.php?rest_route=\/wp\/v2\/pages\/4755\/revisions"}],"predecessor-version":[{"id":5015,"href":"https:\/\/www.hofladen-gassner.at\/index.php?rest_route=\/wp\/v2\/pages\/4755\/revisions\/5015"}],"wp:attachment":[{"href":"https:\/\/www.hofladen-gassner.at\/index.php?rest_route=%2Fwp%2Fv2%2Fmedia&parent=4755"}],"curies":[{"name":"wp","href":"https:\/\/api.w.org\/{rel}","templated":true}]}}